{"id":10469,"date":"2024-06-26T20:21:40","date_gmt":"2024-06-26T20:21:40","guid":{"rendered":"https:\/\/mahan-foods.com\/products\/"},"modified":"2024-07-23T16:21:06","modified_gmt":"2024-07-23T16:21:06","slug":"products","status":"publish","type":"page","link":"https:\/\/mahan-foods.com\/de\/products\/","title":{"rendered":"Produkte"},"content":{"rendered":"\t\t<div data-elementor-type=\"wp-page\" data-elementor-id=\"10469\" class=\"elementor elementor-10469\">\n\t\t\t\t\t\t<section class=\"elementor-section elementor-top-section elementor-element elementor-element-cfe00eb elementor-reverse-tablet elementor-reverse-mobile elementor-section-boxed elementor-section-height-default elementor-section-height-default wd-section-disabled\" data-id=\"cfe00eb\" data-element_type=\"section\">\n\t\t\t\t\t\t<div class=\"elementor-container elementor-column-gap-default\">\n\t\t\t\t\t\t<link rel=\"stylesheet\" id=\"wd-animations-css\" href=\"https:\/\/mahan-foods.com\/wp-content\/themes\/woodmart\/css\/parts\/mod-animations.min.css?ver=7.1.3\" type=\"text\/css\" media=\"all\" \/> \t\t\t\t\t<div class=\"elementor-column elementor-col-50 elementor-top-column elementor-element elementor-element-a40605d wd-animation-right-flip-y wd-animation-normal wd_delay_100\" data-id=\"a40605d\" data-element_type=\"column\">\n\t\t\t<div class=\"elementor-widget-wrap elementor-element-populated\">\n\t\t\t\t\t\t<div class=\"elementor-element elementor-element-810c23d elementor-widget elementor-widget-wd_image_or_svg\" data-id=\"810c23d\" data-element_type=\"widget\" data-widget_type=\"wd_image_or_svg.default\">\n\t\t\t\t<div class=\"elementor-widget-container\">\n\t\t\t\t\t\n\t\t<div class=\"wd-image text-left\">\n\t\t\t\t\t\t\t\t<img fetchpriority=\"high\" decoding=\"async\" width=\"800\" height=\"1200\" src=\"https:\/\/mahan-foods.com\/wp-content\/uploads\/2024\/06\/about-mahan.webp\" class=\"attachment-full size-full wp-image-9680\" alt=\"\" srcset=\"https:\/\/mahan-foods.com\/wp-content\/uploads\/2024\/06\/about-mahan.webp 800w, https:\/\/mahan-foods.com\/wp-content\/uploads\/2024\/06\/about-mahan-200x300.webp 200w, https:\/\/mahan-foods.com\/wp-content\/uploads\/2024\/06\/about-mahan-533x800.webp 533w, https:\/\/mahan-foods.com\/wp-content\/uploads\/2024\/06\/about-mahan-768x1152.webp 768w\" sizes=\"(max-width: 800px) 100vw, 800px\" \/>\t\t\t\t\t<\/div>\n\n\t\t\t\t\t\t<\/div>\n\t\t\t\t<\/div>\n\t\t\t\t\t<\/div>\n\t\t<\/div>\n\t\t\t\t<div class=\"elementor-column elementor-col-50 elementor-top-column elementor-element elementor-element-50883ae wd-animation-left-flip-y wd-animation-normal wd_delay_100\" data-id=\"50883ae\" data-element_type=\"column\">\n\t\t\t<div class=\"elementor-widget-wrap elementor-element-populated\">\n\t\t\t\t\t\t<div class=\"elementor-element elementor-element-01ce5fa elementor-widget elementor-widget-wd_title\" data-id=\"01ce5fa\" data-element_type=\"widget\" data-widget_type=\"wd_title.default\">\n\t\t\t\t<div class=\"elementor-widget-container\">\n\t\t\t\t\t\t\t\t<link rel=\"stylesheet\" id=\"wd-section-title-css\" href=\"https:\/\/mahan-foods.com\/wp-content\/themes\/woodmart\/css\/parts\/el-section-title.min.css?ver=7.1.3\" type=\"text\/css\" media=\"all\" \/> \t\t\t\t\t<div class=\"title-wrapper set-mb-s reset-last-child wd-title-color-primary wd-title-style-default wd-title-size-large text-left\">\n\n\t\t\t\t\t\t\t<div class=\"title-subtitle subtitle-color-primary subtitle-style-default wd-fontsize-xs\">\n\t\t\t\t\tGutes Gesp\u00fcr f\u00fcr Qualit\u00e4t\t\t\t\t<\/div>\n\t\t\t\n\t\t\t<div class=\"liner-continer\">\n\t\t\t\t<h1 class=\"woodmart-title-container title wd-fontsize-xxl\">Unsere Produkte<\/h1> \n\t\t\t\t\t\t\t<\/div>\n\n\t\t\t\t\t<\/div>\n\t\t\t\t\t\t<\/div>\n\t\t\t\t<\/div>\n\t\t\t\t<div class=\"elementor-element elementor-element-426cdc2 elementor-widget elementor-widget-wd_text_block\" data-id=\"426cdc2\" data-element_type=\"widget\" data-widget_type=\"wd_text_block.default\">\n\t\t\t\t<div class=\"elementor-widget-container\">\n\t\t\t\t\t\t\t\t<link rel=\"stylesheet\" id=\"wd-text-block-css\" href=\"https:\/\/mahan-foods.com\/wp-content\/themes\/woodmart\/css\/parts\/el-text-block.min.css?ver=7.1.3\" type=\"text\/css\" media=\"all\" \/> \t\t\t\t\t<div class=\"wd-text-block reset-last-child text-left\">\n\t\t\t\n\t\t\t<p>Mahan Foods, gegr\u00fcndet in Deutschland im Jahr 2019, zeichnet sich stolz durch die Bereitstellung von hochwertigen Milchprodukten aus. Von Anfang an war unser Hauptziel, gesunde und nat\u00fcrliche Milchprodukte zu produzieren, die den unterschiedlichen Bed\u00fcrfnissen unserer Kunden gerecht werden. Wir legen besonderen Wert auf die Verwendung frischer, lokal bezogener Zutaten, um sicherzustellen, dass unsere Produkte mit \u00fcberlegener Frische und N\u00e4hrwert geliefert werden.<\/p><p>Unsere Sahnen, die mittlerweile in 15 L\u00e4ndern erh\u00e4ltlich sind, werden mit Sorgfalt und Pr\u00e4zision hergestellt, um den vielf\u00e4ltigen Anforderungen unserer Kunden gerecht zu werden. Mit einem Fokus auf Nachhaltigkeit und Innovation ist Negah mehr als nur eine Molkerei-Marke; es ist ein Versprechen f\u00fcr Qualit\u00e4t, der Sie vertrauen k\u00f6nnen, und einen Geschmack, den Sie lieben werden.<\/p>\n\t\t\t\t\t<\/div>\n\t\t\t\t\t\t<\/div>\n\t\t\t\t<\/div>\n\t\t<div class=\"elementor-element elementor-element-ef80f9c e-flex e-con-boxed e-con e-parent\" data-id=\"ef80f9c\" data-element_type=\"container\">\n\t\t\t\t\t<div class=\"e-con-inner\">\n\t\t\t\t<div class=\"elementor-element elementor-element-ff2c90e elementor-widget__width-initial elementor-widget elementor-widget-image\" data-id=\"ff2c90e\" data-element_type=\"widget\" data-widget_type=\"image.default\">\n\t\t\t\t<div class=\"elementor-widget-container\">\n\t\t\t\t\t\t\t\t\t\t\t\t\t\t\t<img decoding=\"async\" src=\"https:\/\/mahan-foods.com\/wp-content\/uploads\/elementor\/thumbs\/logo-negah2-qqkjoercuml5t5gfxw70yo9tzleo0vl8qdntg8yw1k.png\" title=\"logo-negah2\" alt=\"logo-negah2\" loading=\"lazy\" \/>\t\t\t\t\t\t\t\t\t\t\t\t\t\t\t<\/div>\n\t\t\t\t<\/div>\n\t\t\t\t<div class=\"elementor-element elementor-element-b365d22 elementor-widget__width-initial elementor-widget elementor-widget-image\" data-id=\"b365d22\" data-element_type=\"widget\" data-widget_type=\"image.default\">\n\t\t\t\t<div class=\"elementor-widget-container\">\n\t\t\t\t\t\t\t\t\t\t\t\t\t\t\t<img decoding=\"async\" src=\"https:\/\/mahan-foods.com\/wp-content\/uploads\/elementor\/thumbs\/logo-negah-qqkjojgjssrlf79m6g85t534yiri3d3wf0x8umrx6g.png\" title=\"logo-negah\" alt=\"logo-negah\" loading=\"lazy\" \/>\t\t\t\t\t\t\t\t\t\t\t\t\t\t\t<\/div>\n\t\t\t\t<\/div>\n\t\t\t\t\t<\/div>\n\t\t\t\t<\/div>\n\t\t\t\t\t<\/div>\n\t\t<\/div>\n\t\t\t\t\t<\/div>\n\t\t<\/section>\n\t\t\t\t<section class=\"elementor-section elementor-top-section elementor-element elementor-element-b6e36cc elementor-section-content-middle wd-section-stretch elementor-section-boxed elementor-section-height-default elementor-section-height-default\" data-id=\"b6e36cc\" data-element_type=\"section\" data-settings=\"{&quot;background_background&quot;:&quot;classic&quot;}\">\n\t\t\t\t\t\t\t<div class=\"elementor-background-overlay\"><\/div>\n\t\t\t\t\t\t\t<div class=\"elementor-container elementor-column-gap-default\">\n\t\t\t\t\t<div class=\"elementor-column elementor-col-100 elementor-top-column elementor-element elementor-element-013c2dc color-scheme-light\" data-id=\"013c2dc\" data-element_type=\"column\">\n\t\t\t<div class=\"elementor-widget-wrap elementor-element-populated\">\n\t\t\t\t\t\t<div class=\"elementor-element elementor-element-9003684 elementor-widget elementor-widget-wd_title\" data-id=\"9003684\" data-element_type=\"widget\" data-widget_type=\"wd_title.default\">\n\t\t\t\t<div class=\"elementor-widget-container\">\n\t\t\t\t\t\t\t<div class=\"title-wrapper set-mb-s reset-last-child wd-title-color-primary wd-title-style-default wd-title-size-large text-center\">\n\n\t\t\t\t\t\t\t<div class=\"title-subtitle subtitle-color-primary subtitle-style-default wd-fontsize-xs\">\n\t\t\t\t\tMahan Foods Produkte\t\t\t\t<\/div>\n\t\t\t\n\t\t\t<div class=\"liner-continer\">\n\t\t\t\t<h4 class=\"woodmart-title-container title wd-fontsize-xxl\">Frische, die Sie schmecken k\u00f6nnen, Qualit\u00e4t, der Sie vertrauen k\u00f6nne<\/h4> \n\t\t\t\t\t\t\t<\/div>\n\n\t\t\t\t\t<\/div>\n\t\t\t\t\t\t<\/div>\n\t\t\t\t<\/div>\n\t\t\t\t<div class=\"elementor-element elementor-element-1a4f851 elementor-widget elementor-widget-wd_button\" data-id=\"1a4f851\" data-element_type=\"widget\" data-widget_type=\"wd_button.default\">\n\t\t\t\t<div class=\"elementor-widget-container\">\n\t\t\t\t\t\t\t<div class=\"wd-button-wrapper text-center\" >\n\t\t\t<a class=\"btn btn-style-link btn-style- btn-size-default btn-color-white btn-icon-pos-right\"  href=\"\/de\/contact-us\/\">\n\t\t\t\t<span class=\"wd-btn-text\" data-elementor-setting-key=\"text\">\n\t\t\t\t\tHABEN SIE EINE FRAGE? LASSEN SIE UNS DAR\u00dcBER SPRECHEN\t\t\t\t<\/span>\n\n\t\t\t\t\t\t\t<\/a>\n\t\t<\/div>\n\t\t\t\t\t\t<\/div>\n\t\t\t\t<\/div>\n\t\t\t\t\t<\/div>\n\t\t<\/div>\n\t\t\t\t\t<\/div>\n\t\t<\/section>\n\t\t\t\t<\/div>\n\t\t","protected":false},"excerpt":{"rendered":"<p>Gutes Gesp\u00fcr f\u00fcr Qualit\u00e4t Unsere Produkte Mahan Foods, gegr\u00fcndet in Deutschland im Jahr 2019, zeichnet sich stolz durch die Bereitstellung<\/p>\n","protected":false},"author":1,"featured_media":0,"parent":0,"menu_order":0,"comment_status":"closed","ping_status":"closed","template":"","meta":{"footnotes":""},"class_list":["post-10469","page","type-page","status-publish","hentry"],"yoast_head":"<!-- This site is optimized with the Yoast SEO plugin v20.2.1 - https:\/\/yoast.com\/wordpress\/plugins\/seo\/ -->\n<title>Produkte - Mahan Foods<\/title>\n<meta name=\"robots\" content=\"index, follow, max-snippet:-1, max-image-preview:large, max-video-preview:-1\" \/>\n<link rel=\"canonical\" href=\"https:\/\/mahan-foods.com\/de\/products\/\" \/>\n<meta property=\"og:locale\" content=\"de_DE\" \/>\n<meta property=\"og:type\" content=\"article\" \/>\n<meta property=\"og:title\" content=\"Produkte - Mahan Foods\" \/>\n<meta property=\"og:description\" content=\"Gutes Gesp\u00fcr f\u00fcr Qualit\u00e4t Unsere Produkte Mahan Foods, gegr\u00fcndet in Deutschland im Jahr 2019, zeichnet sich stolz durch die Bereitstellung\" \/>\n<meta property=\"og:url\" content=\"https:\/\/mahan-foods.com\/de\/products\/\" \/>\n<meta property=\"og:site_name\" content=\"Mahan Foods\" \/>\n<meta property=\"article:modified_time\" content=\"2024-07-23T16:21:06+00:00\" \/>\n<meta property=\"og:image\" content=\"https:\/\/mahan-foods.com\/wp-content\/uploads\/2024\/06\/about-mahan.webp\" \/>\n<meta name=\"twitter:card\" content=\"summary_large_image\" \/>\n<meta name=\"twitter:label1\" content=\"Gesch\u00e4tzte Lesezeit\" \/>\n\t<meta name=\"twitter:data1\" content=\"2\u00a0Minuten\" \/>\n<script type=\"application\/ld+json\" class=\"yoast-schema-graph\">{\"@context\":\"https:\/\/schema.org\",\"@graph\":[{\"@type\":\"WebPage\",\"@id\":\"https:\/\/mahan-foods.com\/de\/products\/\",\"url\":\"https:\/\/mahan-foods.com\/de\/products\/\",\"name\":\"Produkte - Mahan Foods\",\"isPartOf\":{\"@id\":\"https:\/\/mahan-foods.com\/#website\"},\"datePublished\":\"2024-06-26T20:21:40+00:00\",\"dateModified\":\"2024-07-23T16:21:06+00:00\",\"breadcrumb\":{\"@id\":\"https:\/\/mahan-foods.com\/de\/products\/#breadcrumb\"},\"inLanguage\":\"de\",\"potentialAction\":[{\"@type\":\"ReadAction\",\"target\":[\"https:\/\/mahan-foods.com\/de\/products\/\"]}]},{\"@type\":\"BreadcrumbList\",\"@id\":\"https:\/\/mahan-foods.com\/de\/products\/#breadcrumb\",\"itemListElement\":[{\"@type\":\"ListItem\",\"position\":1,\"name\":\"Home\",\"item\":\"https:\/\/mahan-foods.com\/de\/\"},{\"@type\":\"ListItem\",\"position\":2,\"name\":\"Produkte\"}]},{\"@type\":\"WebSite\",\"@id\":\"https:\/\/mahan-foods.com\/#website\",\"url\":\"https:\/\/mahan-foods.com\/\",\"name\":\"Mahan Foods\",\"description\":\"Provider of high quality food products\",\"potentialAction\":[{\"@type\":\"SearchAction\",\"target\":{\"@type\":\"EntryPoint\",\"urlTemplate\":\"https:\/\/mahan-foods.com\/?s={search_term_string}\"},\"query-input\":\"required name=search_term_string\"}],\"inLanguage\":\"de\"}]}<\/script>\n<!-- \/ Yoast SEO plugin. -->","yoast_head_json":{"title":"Produkte - Mahan Foods","robots":{"index":"index","follow":"follow","max-snippet":"max-snippet:-1","max-image-preview":"max-image-preview:large","max-video-preview":"max-video-preview:-1"},"canonical":"https:\/\/mahan-foods.com\/de\/products\/","og_locale":"de_DE","og_type":"article","og_title":"Produkte - Mahan Foods","og_description":"Gutes Gesp\u00fcr f\u00fcr Qualit\u00e4t Unsere Produkte Mahan Foods, gegr\u00fcndet in Deutschland im Jahr 2019, zeichnet sich stolz durch die Bereitstellung","og_url":"https:\/\/mahan-foods.com\/de\/products\/","og_site_name":"Mahan Foods","article_modified_time":"2024-07-23T16:21:06+00:00","og_image":[{"url":"https:\/\/mahan-foods.com\/wp-content\/uploads\/2024\/06\/about-mahan.webp"}],"twitter_card":"summary_large_image","twitter_misc":{"Gesch\u00e4tzte Lesezeit":"2\u00a0Minuten"},"schema":{"@context":"https:\/\/schema.org","@graph":[{"@type":"WebPage","@id":"https:\/\/mahan-foods.com\/de\/products\/","url":"https:\/\/mahan-foods.com\/de\/products\/","name":"Produkte - Mahan Foods","isPartOf":{"@id":"https:\/\/mahan-foods.com\/#website"},"datePublished":"2024-06-26T20:21:40+00:00","dateModified":"2024-07-23T16:21:06+00:00","breadcrumb":{"@id":"https:\/\/mahan-foods.com\/de\/products\/#breadcrumb"},"inLanguage":"de","potentialAction":[{"@type":"ReadAction","target":["https:\/\/mahan-foods.com\/de\/products\/"]}]},{"@type":"BreadcrumbList","@id":"https:\/\/mahan-foods.com\/de\/products\/#breadcrumb","itemListElement":[{"@type":"ListItem","position":1,"name":"Home","item":"https:\/\/mahan-foods.com\/de\/"},{"@type":"ListItem","position":2,"name":"Produkte"}]},{"@type":"WebSite","@id":"https:\/\/mahan-foods.com\/#website","url":"https:\/\/mahan-foods.com\/","name":"Mahan Foods","description":"Provider of high quality food products","potentialAction":[{"@type":"SearchAction","target":{"@type":"EntryPoint","urlTemplate":"https:\/\/mahan-foods.com\/?s={search_term_string}"},"query-input":"required name=search_term_string"}],"inLanguage":"de"}]}},"_links":{"self":[{"href":"https:\/\/mahan-foods.com\/de\/wp-json\/wp\/v2\/pages\/10469","targetHints":{"allow":["GET"]}}],"collection":[{"href":"https:\/\/mahan-foods.com\/de\/wp-json\/wp\/v2\/pages"}],"about":[{"href":"https:\/\/mahan-foods.com\/de\/wp-json\/wp\/v2\/types\/page"}],"author":[{"embeddable":true,"href":"https:\/\/mahan-foods.com\/de\/wp-json\/wp\/v2\/users\/1"}],"replies":[{"embeddable":true,"href":"https:\/\/mahan-foods.com\/de\/wp-json\/wp\/v2\/comments?post=10469"}],"version-history":[{"count":11,"href":"https:\/\/mahan-foods.com\/de\/wp-json\/wp\/v2\/pages\/10469\/revisions"}],"predecessor-version":[{"id":10840,"href":"https:\/\/mahan-foods.com\/de\/wp-json\/wp\/v2\/pages\/10469\/revisions\/10840"}],"wp:attachment":[{"href":"https:\/\/mahan-foods.com\/de\/wp-json\/wp\/v2\/media?parent=10469"}],"curies":[{"name":"wp","href":"https:\/\/api.w.org\/{rel}","templated":true}]}}